{"id":2523,"date":"2022-05-29T16:02:38","date_gmt":"2022-05-29T16:02:38","guid":{"rendered":"https:\/\/amarocchasse.com\/?page_id=2523"},"modified":"2023-01-30T12:33:53","modified_gmt":"2023-01-30T12:33:53","slug":"reservation","status":"publish","type":"page","link":"https:\/\/amarocchasse.com\/ar\/reservation\/","title":{"rendered":"\u062d\u062c\u0632"},"content":{"rendered":"<div class=\"vc_row wpb_row vc_row-fluid\"><div class=\"Formreservation wpb_column vc_column_container vc_col-sm-12\"><div class=\"vc_column-inner\"><div class=\"wpb_wrapper\">\n\t<div class=\"wpb_text_column wpb_content_element\" >\n\t\t<div class=\"wpb_wrapper\">\n\t\t\t\n<div class=\"wpcf7 no-js\" id=\"wpcf7-f3202-o1\" lang=\"en-US\" dir=\"ltr\" data-wpcf7-id=\"3202\">\n<div class=\"screen-reader-response\"><p role=\"status\" aria-live=\"polite\" aria-atomic=\"true\"><\/p> <ul><\/ul><\/div>\n<form action=\"\/ar\/wp-json\/wp\/v2\/pages\/2523#wpcf7-f3202-o1\" method=\"post\" class=\"wpcf7-form init\" aria-label=\"Contact form\" novalidate=\"novalidate\" data-status=\"init\" data-trp-original-action=\"\/ar\/wp-json\/wp\/v2\/pages\/2523#wpcf7-f3202-o1\">\n<div style=\"display: none;\">\n<input type=\"hidden\" name=\"_wpcf7\" value=\"3202\" \/>\n<input type=\"hidden\" name=\"_wpcf7_version\" value=\"6.0.6\" \/>\n<input type=\"hidden\" name=\"_wpcf7_locale\" value=\"en_US\" \/>\n<input type=\"hidden\" name=\"_wpcf7_unit_tag\" value=\"wpcf7-f3202-o1\" \/>\n<input type=\"hidden\" name=\"_wpcf7_container_post\" value=\"0\" \/>\n<input type=\"hidden\" name=\"_wpcf7_posted_data_hash\" value=\"\" \/>\n<input type=\"hidden\" name=\"_wpcf7_recaptcha_response\" value=\"\" \/>\n<\/div>\n<p><label> Nom<br \/>\n<span class=\"wpcf7-form-control-wrap\" data-name=\"your-name\"><input size=\"40\" maxlength=\"400\" class=\"wpcf7-form-control wpcf7-text wpcf7-validates-as-required\" autocomplete=\"name\" aria-required=\"true\" aria-invalid=\"false\" value=\"\" type=\"text\" name=\"your-name\" \/><\/span> <\/label>\n<\/p>\n<p><label> Pr\u00e9nom<br \/>\n<span class=\"wpcf7-form-control-wrap\" data-name=\"surname\"><input size=\"40\" maxlength=\"400\" class=\"wpcf7-form-control wpcf7-text wpcf7-validates-as-required\" autocomplete=\"surname\" aria-required=\"true\" aria-invalid=\"false\" value=\"\" type=\"text\" name=\"surname\" \/><\/span> <\/label>\n<\/p>\n<p><label> \u0628\u0631\u064a\u062f \u0625\u0644\u0643\u062a\u0631\u0648\u0646\u064a<br \/>\n<span class=\"wpcf7-form-control-wrap\" data-name=\"your-email\"><input size=\"40\" maxlength=\"400\" class=\"wpcf7-form-control wpcf7-email wpcf7-validates-as-required wpcf7-text wpcf7-validates-as-email\" autocomplete=\"email\" aria-required=\"true\" aria-invalid=\"false\" value=\"\" type=\"email\" name=\"your-email\" \/><\/span> <\/label>\n<\/p>\n<p><label> T\u00e9l\u00e9phone<br \/>\n<span class=\"wpcf7-form-control-wrap\" data-name=\"number\"><input size=\"40\" maxlength=\"400\" class=\"wpcf7-form-control wpcf7-tel wpcf7-validates-as-required wpcf7-text wpcf7-validates-as-tel\" autocomplete=\"tel\" aria-required=\"true\" aria-invalid=\"false\" value=\"\" type=\"tel\" name=\"number\" \/><\/span> <\/label>\n<\/p>\n<p><label> Address<br \/>\n<span class=\"wpcf7-form-control-wrap\" data-name=\"your-address\"><input size=\"40\" maxlength=\"400\" class=\"wpcf7-form-control wpcf7-text wpcf7-validates-as-required\" aria-required=\"true\" aria-invalid=\"false\" value=\"\" type=\"text\" name=\"your-address\" \/><\/span> <\/label>\n<\/p>\n<p><label> Pays<br \/>\n<span class=\"wpcf7-form-control-wrap\" data-name=\"your-country\"><input size=\"40\" maxlength=\"400\" class=\"wpcf7-form-control wpcf7-text wpcf7-validates-as-required\" aria-required=\"true\" aria-invalid=\"false\" value=\"\" type=\"text\" name=\"your-country\" \/><\/span> <\/label>\n<\/p>\n<p><label> Type de chasse<br \/>\n<span class=\"wpcf7-form-control-wrap\" data-name=\"your-browser\"><select class=\"wpcf7-form-control wpcf7-select wpcf7-validates-as-required\" aria-required=\"true\" aria-invalid=\"false\" name=\"your-browser\"><option value=\"\">&#8212;Please choose an option&#8212;<\/option><option value=\"la caille des bl\u00e9s\">-<\/option><option value=\"l&#039;alouette\">l&#039;alouette<\/option><option value=\"la grive\">\u0637\u0627\u0626\u0631 \u0627\u0644\u0633\u0645\u0646\u0629<\/option><option value=\"la perdrix gambra\">la perdrix gambra<\/option><option value=\"la tourterelle\">la tourterelle<\/option><option value=\"le li\u00e8vre\">le li\u00e8vre<\/option><option value=\"le sanglier\">\u0627\u0644\u062e\u0646\u0632\u064a\u0631 \u0627\u0644\u0628\u0631\u064a<\/option><\/select><\/span> <\/label>\n<\/p>\n<p><label> Nombre de chasseur<br \/>\n<span class=\"wpcf7-form-control-wrap\" data-name=\"nombredechasseur\"><input class=\"wpcf7-form-control wpcf7-number wpcf7-validates-as-number\" min=\"1\" aria-invalid=\"false\" value=\"1\" type=\"number\" name=\"nombredechasseur\" \/><\/span> <\/label>\n<\/p>\n<p><label> Sujet<br \/>\n<span class=\"wpcf7-form-control-wrap\" data-name=\"your-subject\"><input size=\"40\" maxlength=\"400\" class=\"wpcf7-form-control wpcf7-text wpcf7-validates-as-required\" aria-required=\"true\" aria-invalid=\"false\" value=\"\" type=\"text\" name=\"your-subject\" \/><\/span> <\/label>\n<\/p>\n<p><label> Message (optionnel)<br \/>\n<span class=\"wpcf7-form-control-wrap\" data-name=\"your-message\"><textarea cols=\"40\" rows=\"10\" maxlength=\"2000\" class=\"wpcf7-form-control wpcf7-textarea\" aria-invalid=\"false\" name=\"your-message\"><\/textarea><\/span> <\/label>\n<\/p>\n<p><input class=\"wpcf7-form-control wpcf7-submit has-spinner\" type=\"submit\" value=\"Envoyer\" \/>\n<\/p><div class=\"wpcf7-response-output\" aria-hidden=\"true\"><\/div>\n<input type=\"hidden\" name=\"trp-form-language\" value=\"ar\"\/><\/form>\n<\/div>\n\n\n\t\t<\/div>\n\t<\/div>\n<\/div><\/div><\/div><\/div>","protected":false},"excerpt":{"rendered":"Nom Pr\u00e9nom Email T\u00e9l\u00e9phone Address Pays Type de chasse &#8212;Please choose an option&#8212;la caille des bl\u00e9sl&#039;alouettela grivela perdrix gambrala tourterellele li\u00e8vrele sanglier Nombre de chasseur Sujet Message (optionnel)","protected":false},"author":1,"featured_media":1925,"parent":0,"menu_order":0,"comment_status":"closed","ping_status":"closed","template":"","meta":{"footnotes":""},"class_list":["post-2523","page","type-page","status-publish","has-post-thumbnail","hentry"],"acf":[],"yoast_head":"<!-- This site is optimized with the Yoast SEO plugin v25.1 - https:\/\/yoast.com\/wordpress\/plugins\/seo\/ -->\n<title>Reservation - Amaroc Chasse<\/title>\n<meta name=\"robots\" content=\"index, follow, max-snippet:-1, max-image-preview:large, max-video-preview:-1\" \/>\n<link rel=\"canonical\" href=\"https:\/\/amarocchasse.com\/ar\/reservation\/\" \/>\n<meta property=\"og:locale\" content=\"ar_AR\" \/>\n<meta property=\"og:type\" content=\"article\" \/>\n<meta property=\"og:title\" content=\"Reservation - Amaroc Chasse\" \/>\n<meta property=\"og:url\" content=\"https:\/\/amarocchasse.com\/ar\/reservation\/\" \/>\n<meta property=\"og:site_name\" content=\"Amaroc Chasse\" \/>\n<meta property=\"article:publisher\" content=\"https:\/\/fb.me\/amarocchasse\" \/>\n<meta property=\"article:modified_time\" content=\"2023-01-30T12:33:53+00:00\" \/>\n<meta property=\"og:image\" content=\"https:\/\/amarocchasse.com\/wp-content\/uploads\/2022\/05\/hunting-dog.jpg\" \/>\n\t<meta property=\"og:image:width\" content=\"1920\" \/>\n\t<meta property=\"og:image:height\" content=\"1281\" \/>\n\t<meta property=\"og:image:type\" content=\"image\/jpeg\" \/>\n<meta name=\"twitter:card\" content=\"summary_large_image\" \/>\n<meta name=\"twitter:label1\" content=\"Est. reading time\" \/>\n\t<meta name=\"twitter:data1\" content=\"1 minute\" \/>\n<script type=\"application\/ld+json\" class=\"yoast-schema-graph\">{\"@context\":\"https:\/\/schema.org\",\"@graph\":[{\"@type\":\"WebPage\",\"@id\":\"https:\/\/amarocchasse.com\/reservation\/\",\"url\":\"https:\/\/amarocchasse.com\/reservation\/\",\"name\":\"Reservation - Amaroc Chasse\",\"isPartOf\":{\"@id\":\"https:\/\/amarocchasse.com\/#website\"},\"primaryImageOfPage\":{\"@id\":\"https:\/\/amarocchasse.com\/reservation\/#primaryimage\"},\"image\":{\"@id\":\"https:\/\/amarocchasse.com\/reservation\/#primaryimage\"},\"thumbnailUrl\":\"https:\/\/amarocchasse.com\/wp-content\/uploads\/2022\/05\/hunting-dog.jpg\",\"datePublished\":\"2022-05-29T16:02:38+00:00\",\"dateModified\":\"2023-01-30T12:33:53+00:00\",\"breadcrumb\":{\"@id\":\"https:\/\/amarocchasse.com\/reservation\/#breadcrumb\"},\"inLanguage\":\"ary\",\"potentialAction\":[{\"@type\":\"ReadAction\",\"target\":[\"https:\/\/amarocchasse.com\/reservation\/\"]}]},{\"@type\":\"ImageObject\",\"inLanguage\":\"ary\",\"@id\":\"https:\/\/amarocchasse.com\/reservation\/#primaryimage\",\"url\":\"https:\/\/amarocchasse.com\/wp-content\/uploads\/2022\/05\/hunting-dog.jpg\",\"contentUrl\":\"https:\/\/amarocchasse.com\/wp-content\/uploads\/2022\/05\/hunting-dog.jpg\",\"width\":1920,\"height\":1281,\"caption\":\"chien de chasse maroc\"},{\"@type\":\"BreadcrumbList\",\"@id\":\"https:\/\/amarocchasse.com\/reservation\/#breadcrumb\",\"itemListElement\":[{\"@type\":\"ListItem\",\"position\":1,\"name\":\"Home\",\"item\":\"https:\/\/amarocchasse.com\/\"},{\"@type\":\"ListItem\",\"position\":2,\"name\":\"Reservation\"}]},{\"@type\":\"WebSite\",\"@id\":\"https:\/\/amarocchasse.com\/#website\",\"url\":\"https:\/\/amarocchasse.com\/\",\"name\":\"Amaroc Chasse\",\"description\":\"Agence de chasse touristique au Maroc\",\"publisher\":{\"@id\":\"https:\/\/amarocchasse.com\/#organization\"},\"potentialAction\":[{\"@type\":\"SearchAction\",\"target\":{\"@type\":\"EntryPoint\",\"urlTemplate\":\"https:\/\/amarocchasse.com\/?s={search_term_string}\"},\"query-input\":{\"@type\":\"PropertyValueSpecification\",\"valueRequired\":true,\"valueName\":\"search_term_string\"}}],\"inLanguage\":\"ary\"},{\"@type\":\"Organization\",\"@id\":\"https:\/\/amarocchasse.com\/#organization\",\"name\":\"Amaroc Chasse\",\"url\":\"https:\/\/amarocchasse.com\/\",\"logo\":{\"@type\":\"ImageObject\",\"inLanguage\":\"ary\",\"@id\":\"https:\/\/amarocchasse.com\/#\/schema\/logo\/image\/\",\"url\":\"https:\/\/amarocchasse.com\/wp-content\/uploads\/2022\/05\/Untitled-7.png\",\"contentUrl\":\"https:\/\/amarocchasse.com\/wp-content\/uploads\/2022\/05\/Untitled-7.png\",\"width\":1000,\"height\":1000,\"caption\":\"Amaroc Chasse\"},\"image\":{\"@id\":\"https:\/\/amarocchasse.com\/#\/schema\/logo\/image\/\"},\"sameAs\":[\"https:\/\/fb.me\/amarocchasse\",\"https:\/\/www.instagram.com\/amarocchasse\"]}]}<\/script>\n<!-- \/ Yoast SEO plugin. -->","yoast_head_json":{"title":"Reservation - Amaroc Chasse","robots":{"index":"index","follow":"follow","max-snippet":"max-snippet:-1","max-image-preview":"max-image-preview:large","max-video-preview":"max-video-preview:-1"},"canonical":"https:\/\/amarocchasse.com\/ar\/reservation\/","og_locale":"ar_AR","og_type":"article","og_title":"Reservation - Amaroc Chasse","og_url":"https:\/\/amarocchasse.com\/ar\/reservation\/","og_site_name":"Amaroc Chasse","article_publisher":"https:\/\/fb.me\/amarocchasse","article_modified_time":"2023-01-30T12:33:53+00:00","og_image":[{"width":1920,"height":1281,"url":"https:\/\/amarocchasse.com\/wp-content\/uploads\/2022\/05\/hunting-dog.jpg","type":"image\/jpeg"}],"twitter_card":"summary_large_image","twitter_misc":{"Est. reading time":"1 minute"},"schema":{"@context":"https:\/\/schema.org","@graph":[{"@type":"WebPage","@id":"https:\/\/amarocchasse.com\/reservation\/","url":"https:\/\/amarocchasse.com\/reservation\/","name":"Reservation - Amaroc Chasse","isPartOf":{"@id":"https:\/\/amarocchasse.com\/#website"},"primaryImageOfPage":{"@id":"https:\/\/amarocchasse.com\/reservation\/#primaryimage"},"image":{"@id":"https:\/\/amarocchasse.com\/reservation\/#primaryimage"},"thumbnailUrl":"https:\/\/amarocchasse.com\/wp-content\/uploads\/2022\/05\/hunting-dog.jpg","datePublished":"2022-05-29T16:02:38+00:00","dateModified":"2023-01-30T12:33:53+00:00","breadcrumb":{"@id":"https:\/\/amarocchasse.com\/reservation\/#breadcrumb"},"inLanguage":"ary","potentialAction":[{"@type":"ReadAction","target":["https:\/\/amarocchasse.com\/reservation\/"]}]},{"@type":"ImageObject","inLanguage":"ary","@id":"https:\/\/amarocchasse.com\/reservation\/#primaryimage","url":"https:\/\/amarocchasse.com\/wp-content\/uploads\/2022\/05\/hunting-dog.jpg","contentUrl":"https:\/\/amarocchasse.com\/wp-content\/uploads\/2022\/05\/hunting-dog.jpg","width":1920,"height":1281,"caption":"chien de chasse maroc"},{"@type":"BreadcrumbList","@id":"https:\/\/amarocchasse.com\/reservation\/#breadcrumb","itemListElement":[{"@type":"ListItem","position":1,"name":"Home","item":"https:\/\/amarocchasse.com\/"},{"@type":"ListItem","position":2,"name":"Reservation"}]},{"@type":"WebSite","@id":"https:\/\/amarocchasse.com\/#website","url":"https:\/\/amarocchasse.com\/","name":"Amaroc Chasse","description":"Agence de chasse touristique au Maroc","publisher":{"@id":"https:\/\/amarocchasse.com\/#organization"},"potentialAction":[{"@type":"SearchAction","target":{"@type":"EntryPoint","urlTemplate":"https:\/\/amarocchasse.com\/?s={search_term_string}"},"query-input":{"@type":"PropertyValueSpecification","valueRequired":true,"valueName":"search_term_string"}}],"inLanguage":"ary"},{"@type":"Organization","@id":"https:\/\/amarocchasse.com\/#organization","name":"Amaroc Chasse","url":"https:\/\/amarocchasse.com\/","logo":{"@type":"ImageObject","inLanguage":"ary","@id":"https:\/\/amarocchasse.com\/#\/schema\/logo\/image\/","url":"https:\/\/amarocchasse.com\/wp-content\/uploads\/2022\/05\/Untitled-7.png","contentUrl":"https:\/\/amarocchasse.com\/wp-content\/uploads\/2022\/05\/Untitled-7.png","width":1000,"height":1000,"caption":"Amaroc Chasse"},"image":{"@id":"https:\/\/amarocchasse.com\/#\/schema\/logo\/image\/"},"sameAs":["https:\/\/fb.me\/amarocchasse","https:\/\/www.instagram.com\/amarocchasse"]}]}},"_links":{"self":[{"href":"https:\/\/amarocchasse.com\/ar\/wp-json\/wp\/v2\/pages\/2523","targetHints":{"allow":["GET"]}}],"collection":[{"href":"https:\/\/amarocchasse.com\/ar\/wp-json\/wp\/v2\/pages"}],"about":[{"href":"https:\/\/amarocchasse.com\/ar\/wp-json\/wp\/v2\/types\/page"}],"author":[{"embeddable":true,"href":"https:\/\/amarocchasse.com\/ar\/wp-json\/wp\/v2\/users\/1"}],"replies":[{"embeddable":true,"href":"https:\/\/amarocchasse.com\/ar\/wp-json\/wp\/v2\/comments?post=2523"}],"version-history":[{"count":12,"href":"https:\/\/amarocchasse.com\/ar\/wp-json\/wp\/v2\/pages\/2523\/revisions"}],"predecessor-version":[{"id":3269,"href":"https:\/\/amarocchasse.com\/ar\/wp-json\/wp\/v2\/pages\/2523\/revisions\/3269"}],"wp:featuredmedia":[{"embeddable":true,"href":"https:\/\/amarocchasse.com\/ar\/wp-json\/wp\/v2\/media\/1925"}],"wp:attachment":[{"href":"https:\/\/amarocchasse.com\/ar\/wp-json\/wp\/v2\/media?parent=2523"}],"curies":[{"name":"wp","href":"https:\/\/api.w.org\/{rel}","templated":true}]}}