{"id":2951,"date":"2022-06-06T19:04:42","date_gmt":"2022-06-06T19:04:42","guid":{"rendered":"https:\/\/amarocchasse.com\/?page_id=2951"},"modified":"2022-06-10T14:11:48","modified_gmt":"2022-06-10T14:11:48","slug":"chasse-tourterelle-maroc","status":"publish","type":"page","link":"https:\/\/amarocchasse.com\/ar\/chasse-tourterelle-maroc\/","title":{"rendered":"\u0627\u0644\u064a\u0645\u0627\u0645"},"content":{"rendered":"<div class=\"vc_row wpb_row vc_row-fluid\"><div class=\"wpb_column vc_column_container vc_col-sm-12\"><div class=\"vc_column-inner\"><div class=\"wpb_wrapper\">\n\t<div class=\"wpb_text_column wpb_content_element\" >\n\t\t<div class=\"wpb_wrapper\">\n\t\t\t\n\t\t<\/div>\n\t<\/div>\n<\/div><\/div><\/div><\/div><div class=\"vc_row wpb_row vc_row-fluid vc_row-o-full-height vc_row-o-columns-middle vc_row-o-content-middle vc_row-flex\"><div class=\"wpb_column vc_column_container vc_col-sm-6\"><div class=\"vc_column-inner\"><div class=\"wpb_wrapper\"><h2 class='text-center'>\u0627\u0644\u064a\u0645\u0627\u0645<\/h2>\n\t<div class=\"wpb_text_column wpb_content_element\" >\n\t\t<div class=\"wpb_wrapper\">\n\t\t\t<p><strong>La tourterelle<\/strong> des bois est un oiseau de taille moyenne de la famille des pigeons, avec une longueur de corps allant jusqu&rsquo;\u00e0 28 cm. Son envergure ne d\u00e9passe pas 55 cm.<br \/>Son poids moyen est de 150 grammes.<br \/><strong>La tourterelle<\/strong> n&rsquo;est pas un oiseau facile \u00e0 observer en raison de son temp\u00e9rament terrifiant.Elle pr\u00e9f\u00e8re se cacher dans les feuilles autant que possible.<br \/><strong>La tourterelle<\/strong> est l&rsquo;un des oiseaux migrateurs. A la fin de l&rsquo;\u00e9t\u00e9, elle quitte l&rsquo;Europe pour passer l&rsquo;hiver au Maroc.<br \/><strong>La chasse au tourterelle au Maroc<\/strong> commence du<\/p>\n\n\t\t<\/div>\n\t<\/div>\n<a href=\"https:\/\/amarocchasse.com\/ar\/reservation\/\" title=\"\u062d\u062c\u0632\" class=\"nk-btn  text-white nk-btn-color-danger nk-btn-effect-3-left nk-btn-x2 nk-btn-block\"><span class=\"nk-btn-effect-bg bg-warning\"><\/span><span>R\u00e9server votre chasse <\/span> <span class=\"icon\"><span class=\"ion-ios-arrow-dropright-circle\"><\/span><\/span> <\/a><\/div><\/div><\/div><div class=\"wpb_column vc_column_container vc_col-sm-6\"><div class=\"vc_column-inner\"><div class=\"wpb_wrapper\">\n\t<div  class=\"wpb_single_image wpb_content_element vc_align_center\">\n\t\t\n\t\t<figure class=\"wpb_wrapper vc_figure\">\n\t\t\t<a href=\"https:\/\/amarocchasse.com\/wp-content\/uploads\/2022\/05\/al-torterelle.jpg\" target=\"_self\" class=\"vc_single_image-wrapper   vc_box_border_grey\"><img decoding=\"async\" width=\"400\" height=\"400\" src=\"https:\/\/amarocchasse.com\/wp-content\/uploads\/2022\/05\/al-torterelle.jpg\" class=\"vc_single_image-img attachment-full\" alt=\"tourterelle chasse Maroc\" title=\"tourterelle chasse maroc\" srcset=\"https:\/\/amarocchasse.com\/wp-content\/uploads\/2022\/05\/al-torterelle.jpg 400w, https:\/\/amarocchasse.com\/wp-content\/uploads\/2022\/05\/al-torterelle-300x300.jpg 300w, https:\/\/amarocchasse.com\/wp-content\/uploads\/2022\/05\/al-torterelle-150x150.jpg 150w, https:\/\/amarocchasse.com\/wp-content\/uploads\/2022\/05\/al-torterelle-48x48.jpg 48w, https:\/\/amarocchasse.com\/wp-content\/uploads\/2022\/05\/al-torterelle-90x90.jpg 90w, https:\/\/amarocchasse.com\/wp-content\/uploads\/2022\/05\/al-torterelle-200x200.jpg 200w\" sizes=\"(max-width: 400px) 100vw, 400px\" \/><\/a>\n\t\t<\/figure>\n\t<\/div>\n<\/div><\/div><\/div><\/div><div class=\"vc_row wpb_row vc_row-fluid\"><div class=\"wpb_column vc_column_container vc_col-sm-12\"><div class=\"vc_column-inner\"><div class=\"wpb_wrapper\">\n\t<div class=\"wpb_text_column wpb_content_element\" >\n\t\t<div class=\"wpb_wrapper\">\n\t\t\t\n\t\t<\/div>\n\t<\/div>\n<\/div><\/div><\/div><\/div><div class=\"vc_row wpb_row vc_row-fluid\"><div class=\"wpb_column vc_column_container vc_col-sm-12\"><div class=\"vc_column-inner\"><div class=\"wpb_wrapper\">\n\t<div class=\"wpb_text_column wpb_content_element\" >\n\t\t<div class=\"wpb_wrapper\">\n\t\t\t\n\t\t<\/div>\n\t<\/div>\n<\/div><\/div><\/div><\/div><div class=\"vc_row wpb_row vc_row-fluid\"><div class=\"wpb_column vc_column_container vc_col-sm-12\"><div class=\"vc_column-inner\"><div class=\"wpb_wrapper\">\n\t<div class=\"wpb_text_column wpb_content_element\" >\n\t\t<div class=\"wpb_wrapper\">\n\t\t\t<p><!-- \/wp:post-content --><\/p>\n\n\t\t<\/div>\n\t<\/div>\n<\/div><\/div><\/div><\/div>","protected":false},"excerpt":{"rendered":"Tourterelle La tourterelle des bois est un oiseau de taille moyenne de la famille des pigeons, avec une longueur de corps allant jusqu'\u00e0 28 cm. Son envergure ne d\u00e9passe pas 55 cm.Son poids moyen est de 150 grammes.La tourterelle n'est pas un oiseau facile \u00e0 observer en raison de son temp\u00e9rament terrifiant.Elle pr\u00e9f\u00e8re se cacher [...]","protected":false},"author":1,"featured_media":2998,"parent":0,"menu_order":0,"comment_status":"closed","ping_status":"closed","template":"","meta":{"footnotes":""},"class_list":["post-2951","page","type-page","status-publish","has-post-thumbnail","hentry"],"acf":[],"yoast_head":"<!-- This site is optimized with the Yoast SEO plugin v25.1 - https:\/\/yoast.com\/wordpress\/plugins\/seo\/ -->\n<title>Tourterelle - Amaroc Chasse<\/title>\n<meta name=\"robots\" content=\"index, follow, max-snippet:-1, max-image-preview:large, max-video-preview:-1\" \/>\n<link rel=\"canonical\" href=\"https:\/\/amarocchasse.com\/ar\/chasse-tourterelle-maroc\/\" \/>\n<meta property=\"og:locale\" content=\"ar_AR\" \/>\n<meta property=\"og:type\" content=\"article\" \/>\n<meta property=\"og:title\" content=\"Tourterelle - Amaroc Chasse\" \/>\n<meta property=\"og:url\" content=\"https:\/\/amarocchasse.com\/ar\/chasse-tourterelle-maroc\/\" \/>\n<meta property=\"og:site_name\" content=\"Amaroc Chasse\" \/>\n<meta property=\"article:publisher\" content=\"https:\/\/fb.me\/amarocchasse\" \/>\n<meta property=\"article:modified_time\" content=\"2022-06-10T14:11:48+00:00\" \/>\n<meta property=\"og:image\" content=\"https:\/\/amarocchasse.com\/wp-content\/uploads\/2022\/06\/chasse-au-tourterelle-au-maroc.jpg\" \/>\n\t<meta property=\"og:image:width\" content=\"1200\" \/>\n\t<meta property=\"og:image:height\" content=\"799\" \/>\n\t<meta property=\"og:image:type\" content=\"image\/jpeg\" \/>\n<meta name=\"twitter:card\" content=\"summary_large_image\" \/>\n<meta name=\"twitter:label1\" content=\"Est. reading time\" \/>\n\t<meta name=\"twitter:data1\" content=\"1 minute\" \/>\n<script type=\"application\/ld+json\" class=\"yoast-schema-graph\">{\"@context\":\"https:\/\/schema.org\",\"@graph\":[{\"@type\":\"WebPage\",\"@id\":\"https:\/\/amarocchasse.com\/chasse-tourterelle-maroc\/\",\"url\":\"https:\/\/amarocchasse.com\/chasse-tourterelle-maroc\/\",\"name\":\"Tourterelle - Amaroc Chasse\",\"isPartOf\":{\"@id\":\"https:\/\/amarocchasse.com\/#website\"},\"primaryImageOfPage\":{\"@id\":\"https:\/\/amarocchasse.com\/chasse-tourterelle-maroc\/#primaryimage\"},\"image\":{\"@id\":\"https:\/\/amarocchasse.com\/chasse-tourterelle-maroc\/#primaryimage\"},\"thumbnailUrl\":\"https:\/\/amarocchasse.com\/wp-content\/uploads\/2022\/06\/chasse-au-tourterelle-au-maroc.jpg\",\"datePublished\":\"2022-06-06T19:04:42+00:00\",\"dateModified\":\"2022-06-10T14:11:48+00:00\",\"breadcrumb\":{\"@id\":\"https:\/\/amarocchasse.com\/chasse-tourterelle-maroc\/#breadcrumb\"},\"inLanguage\":\"ary\",\"potentialAction\":[{\"@type\":\"ReadAction\",\"target\":[\"https:\/\/amarocchasse.com\/chasse-tourterelle-maroc\/\"]}]},{\"@type\":\"ImageObject\",\"inLanguage\":\"ary\",\"@id\":\"https:\/\/amarocchasse.com\/chasse-tourterelle-maroc\/#primaryimage\",\"url\":\"https:\/\/amarocchasse.com\/wp-content\/uploads\/2022\/06\/chasse-au-tourterelle-au-maroc.jpg\",\"contentUrl\":\"https:\/\/amarocchasse.com\/wp-content\/uploads\/2022\/06\/chasse-au-tourterelle-au-maroc.jpg\",\"width\":1200,\"height\":799,\"caption\":\"tourterelle chasse maroc\"},{\"@type\":\"BreadcrumbList\",\"@id\":\"https:\/\/amarocchasse.com\/chasse-tourterelle-maroc\/#breadcrumb\",\"itemListElement\":[{\"@type\":\"ListItem\",\"position\":1,\"name\":\"Home\",\"item\":\"https:\/\/amarocchasse.com\/\"},{\"@type\":\"ListItem\",\"position\":2,\"name\":\"Tourterelle\"}]},{\"@type\":\"WebSite\",\"@id\":\"https:\/\/amarocchasse.com\/#website\",\"url\":\"https:\/\/amarocchasse.com\/\",\"name\":\"Amaroc Chasse\",\"description\":\"Agence de chasse touristique au Maroc\",\"publisher\":{\"@id\":\"https:\/\/amarocchasse.com\/#organization\"},\"potentialAction\":[{\"@type\":\"SearchAction\",\"target\":{\"@type\":\"EntryPoint\",\"urlTemplate\":\"https:\/\/amarocchasse.com\/?s={search_term_string}\"},\"query-input\":{\"@type\":\"PropertyValueSpecification\",\"valueRequired\":true,\"valueName\":\"search_term_string\"}}],\"inLanguage\":\"ary\"},{\"@type\":\"Organization\",\"@id\":\"https:\/\/amarocchasse.com\/#organization\",\"name\":\"Amaroc Chasse\",\"url\":\"https:\/\/amarocchasse.com\/\",\"logo\":{\"@type\":\"ImageObject\",\"inLanguage\":\"ary\",\"@id\":\"https:\/\/amarocchasse.com\/#\/schema\/logo\/image\/\",\"url\":\"https:\/\/amarocchasse.com\/wp-content\/uploads\/2022\/05\/Untitled-7.png\",\"contentUrl\":\"https:\/\/amarocchasse.com\/wp-content\/uploads\/2022\/05\/Untitled-7.png\",\"width\":1000,\"height\":1000,\"caption\":\"Amaroc Chasse\"},\"image\":{\"@id\":\"https:\/\/amarocchasse.com\/#\/schema\/logo\/image\/\"},\"sameAs\":[\"https:\/\/fb.me\/amarocchasse\",\"https:\/\/www.instagram.com\/amarocchasse\"]}]}<\/script>\n<!-- \/ Yoast SEO plugin. -->","yoast_head_json":{"title":"Tourterelle - Amaroc Chasse","robots":{"index":"index","follow":"follow","max-snippet":"max-snippet:-1","max-image-preview":"max-image-preview:large","max-video-preview":"max-video-preview:-1"},"canonical":"https:\/\/amarocchasse.com\/ar\/chasse-tourterelle-maroc\/","og_locale":"ar_AR","og_type":"article","og_title":"Tourterelle - Amaroc Chasse","og_url":"https:\/\/amarocchasse.com\/ar\/chasse-tourterelle-maroc\/","og_site_name":"Amaroc Chasse","article_publisher":"https:\/\/fb.me\/amarocchasse","article_modified_time":"2022-06-10T14:11:48+00:00","og_image":[{"width":1200,"height":799,"url":"https:\/\/amarocchasse.com\/wp-content\/uploads\/2022\/06\/chasse-au-tourterelle-au-maroc.jpg","type":"image\/jpeg"}],"twitter_card":"summary_large_image","twitter_misc":{"Est. reading time":"1 minute"},"schema":{"@context":"https:\/\/schema.org","@graph":[{"@type":"WebPage","@id":"https:\/\/amarocchasse.com\/chasse-tourterelle-maroc\/","url":"https:\/\/amarocchasse.com\/chasse-tourterelle-maroc\/","name":"Tourterelle - Amaroc Chasse","isPartOf":{"@id":"https:\/\/amarocchasse.com\/#website"},"primaryImageOfPage":{"@id":"https:\/\/amarocchasse.com\/chasse-tourterelle-maroc\/#primaryimage"},"image":{"@id":"https:\/\/amarocchasse.com\/chasse-tourterelle-maroc\/#primaryimage"},"thumbnailUrl":"https:\/\/amarocchasse.com\/wp-content\/uploads\/2022\/06\/chasse-au-tourterelle-au-maroc.jpg","datePublished":"2022-06-06T19:04:42+00:00","dateModified":"2022-06-10T14:11:48+00:00","breadcrumb":{"@id":"https:\/\/amarocchasse.com\/chasse-tourterelle-maroc\/#breadcrumb"},"inLanguage":"ary","potentialAction":[{"@type":"ReadAction","target":["https:\/\/amarocchasse.com\/chasse-tourterelle-maroc\/"]}]},{"@type":"ImageObject","inLanguage":"ary","@id":"https:\/\/amarocchasse.com\/chasse-tourterelle-maroc\/#primaryimage","url":"https:\/\/amarocchasse.com\/wp-content\/uploads\/2022\/06\/chasse-au-tourterelle-au-maroc.jpg","contentUrl":"https:\/\/amarocchasse.com\/wp-content\/uploads\/2022\/06\/chasse-au-tourterelle-au-maroc.jpg","width":1200,"height":799,"caption":"tourterelle chasse maroc"},{"@type":"BreadcrumbList","@id":"https:\/\/amarocchasse.com\/chasse-tourterelle-maroc\/#breadcrumb","itemListElement":[{"@type":"ListItem","position":1,"name":"Home","item":"https:\/\/amarocchasse.com\/"},{"@type":"ListItem","position":2,"name":"Tourterelle"}]},{"@type":"WebSite","@id":"https:\/\/amarocchasse.com\/#website","url":"https:\/\/amarocchasse.com\/","name":"Amaroc Chasse","description":"Agence de chasse touristique au Maroc","publisher":{"@id":"https:\/\/amarocchasse.com\/#organization"},"potentialAction":[{"@type":"SearchAction","target":{"@type":"EntryPoint","urlTemplate":"https:\/\/amarocchasse.com\/?s={search_term_string}"},"query-input":{"@type":"PropertyValueSpecification","valueRequired":true,"valueName":"search_term_string"}}],"inLanguage":"ary"},{"@type":"Organization","@id":"https:\/\/amarocchasse.com\/#organization","name":"Amaroc Chasse","url":"https:\/\/amarocchasse.com\/","logo":{"@type":"ImageObject","inLanguage":"ary","@id":"https:\/\/amarocchasse.com\/#\/schema\/logo\/image\/","url":"https:\/\/amarocchasse.com\/wp-content\/uploads\/2022\/05\/Untitled-7.png","contentUrl":"https:\/\/amarocchasse.com\/wp-content\/uploads\/2022\/05\/Untitled-7.png","width":1000,"height":1000,"caption":"Amaroc Chasse"},"image":{"@id":"https:\/\/amarocchasse.com\/#\/schema\/logo\/image\/"},"sameAs":["https:\/\/fb.me\/amarocchasse","https:\/\/www.instagram.com\/amarocchasse"]}]}},"_links":{"self":[{"href":"https:\/\/amarocchasse.com\/ar\/wp-json\/wp\/v2\/pages\/2951","targetHints":{"allow":["GET"]}}],"collection":[{"href":"https:\/\/amarocchasse.com\/ar\/wp-json\/wp\/v2\/pages"}],"about":[{"href":"https:\/\/amarocchasse.com\/ar\/wp-json\/wp\/v2\/types\/page"}],"author":[{"embeddable":true,"href":"https:\/\/amarocchasse.com\/ar\/wp-json\/wp\/v2\/users\/1"}],"replies":[{"embeddable":true,"href":"https:\/\/amarocchasse.com\/ar\/wp-json\/wp\/v2\/comments?post=2951"}],"version-history":[{"count":5,"href":"https:\/\/amarocchasse.com\/ar\/wp-json\/wp\/v2\/pages\/2951\/revisions"}],"predecessor-version":[{"id":3001,"href":"https:\/\/amarocchasse.com\/ar\/wp-json\/wp\/v2\/pages\/2951\/revisions\/3001"}],"wp:featuredmedia":[{"embeddable":true,"href":"https:\/\/amarocchasse.com\/ar\/wp-json\/wp\/v2\/media\/2998"}],"wp:attachment":[{"href":"https:\/\/amarocchasse.com\/ar\/wp-json\/wp\/v2\/media?parent=2951"}],"curies":[{"name":"wp","href":"https:\/\/api.w.org\/{rel}","templated":true}]}}