{"id":2957,"date":"2022-06-06T19:05:48","date_gmt":"2022-06-06T19:05:48","guid":{"rendered":"https:\/\/amarocchasse.com\/?page_id=2957"},"modified":"2022-06-08T17:12:25","modified_gmt":"2022-06-08T17:12:25","slug":"chasse-grive-maroc","status":"publish","type":"page","link":"https:\/\/amarocchasse.com\/ar\/chasse-grive-maroc\/","title":{"rendered":"La chasse a la grive"},"content":{"rendered":"<div class=\"vc_row wpb_row vc_row-fluid\"><div class=\"wpb_column vc_column_container vc_col-sm-12\"><div class=\"vc_column-inner\"><div class=\"wpb_wrapper\">\n\t<div class=\"wpb_text_column wpb_content_element\" >\n\t\t<div class=\"wpb_wrapper\">\n\t\t\t\n\t\t<\/div>\n\t<\/div>\n<\/div><\/div><\/div><\/div><div class=\"vc_row wpb_row vc_row-fluid vc_row-o-full-height vc_row-o-columns-middle vc_row-o-content-middle vc_row-flex\"><div class=\"wpb_column vc_column_container vc_col-sm-6\"><div class=\"vc_column-inner\"><div class=\"wpb_wrapper\"><h2 class='text-center'>\u0637\u0627\u0626\u0631 \u0627\u0644\u0633\u0645\u0646\u0629<\/h2>\n\t<div class=\"wpb_text_column wpb_content_element\" >\n\t\t<div class=\"wpb_wrapper\">\n\t\t\t<p><strong>\u0637\u0627\u0626\u0631 \u0627\u0644\u0633\u0645\u0646\u0629<\/strong> est un gibier passionnant \u00e0 chasser. elle fait partie de la famille des muscicapid\u00e9s et pr\u00e9f\u00e8re les bois denses et les buissons.<\/p>\n<p>En hiver, la grive est situ\u00e9e \u00e0 proximit\u00e9 de milieux plus ouverts, tels que des champs.<\/p>\n<p><strong>\u0637\u0627\u0626\u0631 \u0627\u0644\u0633\u0645\u0646\u0629<\/strong> reste souvent au sol pour se nourrir, mais elle est prudente et donc tr\u00e8s m\u00e9fiante, toujours \u00e0 l&rsquo;aff\u00fbt, ce qui rend <strong>la chasse au grive au Maroc<\/strong> l&rsquo;une des plus demand\u00e9es.<\/p>\n<ul>\n<li>P\u00e9riode de chasse : D\u00e9but de mois d\u2019Octobre jusqu\u2019\u00e0 la fin de F\u00e9vrier.<\/li>\n<li>Jours de chasse autoris\u00e9s : Quatre jours par semaine.<\/li>\n<li>Pr\u00e9l\u00e8vement autoris\u00e9 par chasseur : Cinquante Grives.<\/li>\n<\/ul>\n\n\t\t<\/div>\n\t<\/div>\n<a href=\"https:\/\/amarocchasse.com\/ar\/reservation\/\" title=\"\u062d\u062c\u0632\" class=\"nk-btn  text-white nk-btn-color-danger nk-btn-effect-3-left nk-btn-x2 nk-btn-block\"><span class=\"nk-btn-effect-bg bg-warning\"><\/span><span>Reserver votre chasse <\/span> <span class=\"icon\"><span class=\"ion-ios-arrow-dropright-circle\"><\/span><\/span> <\/a><\/div><\/div><\/div><div class=\"wpb_column vc_column_container vc_col-sm-6\"><div class=\"vc_column-inner\"><div class=\"wpb_wrapper\">\n\t<div  class=\"wpb_single_image wpb_content_element vc_align_center\">\n\t\t\n\t\t<figure class=\"wpb_wrapper vc_figure\">\n\t\t\t<a href=\"https:\/\/amarocchasse.com\/wp-content\/uploads\/2022\/06\/la-grive.jpg\" target=\"_self\" class=\"vc_single_image-wrapper   vc_box_border_grey\"><img decoding=\"async\" width=\"400\" height=\"400\" src=\"https:\/\/amarocchasse.com\/wp-content\/uploads\/2022\/06\/la-grive.jpg\" class=\"vc_single_image-img attachment-full\" alt=\"grive chasse Maroc\" title=\"chasse de grive au Maroc\" srcset=\"https:\/\/amarocchasse.com\/wp-content\/uploads\/2022\/06\/la-grive.jpg 400w, https:\/\/amarocchasse.com\/wp-content\/uploads\/2022\/06\/la-grive-300x300.jpg 300w, https:\/\/amarocchasse.com\/wp-content\/uploads\/2022\/06\/la-grive-150x150.jpg 150w, https:\/\/amarocchasse.com\/wp-content\/uploads\/2022\/06\/la-grive-12x12.jpg 12w, https:\/\/amarocchasse.com\/wp-content\/uploads\/2022\/06\/la-grive-48x48.jpg 48w, https:\/\/amarocchasse.com\/wp-content\/uploads\/2022\/06\/la-grive-90x90.jpg 90w, https:\/\/amarocchasse.com\/wp-content\/uploads\/2022\/06\/la-grive-200x200.jpg 200w\" sizes=\"(max-width: 400px) 100vw, 400px\" \/><\/a>\n\t\t<\/figure>\n\t<\/div>\n<\/div><\/div><\/div><\/div><div class=\"vc_row wpb_row vc_row-fluid\"><div class=\"wpb_column vc_column_container vc_col-sm-12\"><div class=\"vc_column-inner\"><div class=\"wpb_wrapper\">\n\t<div class=\"wpb_text_column wpb_content_element\" >\n\t\t<div class=\"wpb_wrapper\">\n\t\t\t\n\t\t<\/div>\n\t<\/div>\n<\/div><\/div><\/div><\/div><div class=\"vc_row wpb_row vc_row-fluid\"><div class=\"wpb_column vc_column_container vc_col-sm-12\"><div class=\"vc_column-inner\"><div class=\"wpb_wrapper\">\n\t<div class=\"wpb_text_column wpb_content_element\" >\n\t\t<div class=\"wpb_wrapper\">\n\t\t\t\n\t\t<\/div>\n\t<\/div>\n<\/div><\/div><\/div><\/div><div class=\"vc_row wpb_row vc_row-fluid\"><div class=\"wpb_column vc_column_container vc_col-sm-12\"><div class=\"vc_column-inner\"><div class=\"wpb_wrapper\">\n\t<div class=\"wpb_text_column wpb_content_element\" >\n\t\t<div class=\"wpb_wrapper\">\n\t\t\t<p><!-- \/wp:post-content --><\/p>\n\n\t\t<\/div>\n\t<\/div>\n<\/div><\/div><\/div><\/div>","protected":false},"excerpt":{"rendered":"la grive La grive est un gibier passionnant \u00e0 chasser. elle fait partie de la famille des muscicapid\u00e9s et pr\u00e9f\u00e8re les bois denses et les buissons. En hiver, la grive est situ\u00e9e \u00e0 proximit\u00e9 de milieux plus ouverts, tels que des champs. La grive reste souvent au sol pour se nourrir, mais elle est prudente [...]","protected":false},"author":1,"featured_media":0,"parent":0,"menu_order":0,"comment_status":"closed","ping_status":"closed","template":"","meta":{"footnotes":""},"class_list":["post-2957","page","type-page","status-publish","hentry"],"acf":[],"yoast_head":"<!-- This site is optimized with the Yoast SEO plugin v25.1 - https:\/\/yoast.com\/wordpress\/plugins\/seo\/ -->\n<title>La chasse a la grive - Amaroc Chasse<\/title>\n<meta name=\"robots\" content=\"index, follow, max-snippet:-1, max-image-preview:large, max-video-preview:-1\" \/>\n<link rel=\"canonical\" href=\"https:\/\/amarocchasse.com\/ar\/chasse-grive-maroc\/\" \/>\n<meta property=\"og:locale\" content=\"ar_AR\" \/>\n<meta property=\"og:type\" content=\"article\" \/>\n<meta property=\"og:title\" content=\"La chasse a la grive - Amaroc Chasse\" \/>\n<meta property=\"og:url\" content=\"https:\/\/amarocchasse.com\/ar\/chasse-grive-maroc\/\" \/>\n<meta property=\"og:site_name\" content=\"Amaroc Chasse\" \/>\n<meta property=\"article:publisher\" content=\"https:\/\/fb.me\/amarocchasse\" \/>\n<meta property=\"article:modified_time\" content=\"2022-06-08T17:12:25+00:00\" \/>\n<meta name=\"twitter:card\" content=\"summary_large_image\" \/>\n<meta name=\"twitter:label1\" content=\"Est. reading time\" \/>\n\t<meta name=\"twitter:data1\" content=\"1 minute\" \/>\n<script type=\"application\/ld+json\" class=\"yoast-schema-graph\">{\"@context\":\"https:\/\/schema.org\",\"@graph\":[{\"@type\":\"WebPage\",\"@id\":\"https:\/\/amarocchasse.com\/chasse-grive-maroc\/\",\"url\":\"https:\/\/amarocchasse.com\/chasse-grive-maroc\/\",\"name\":\"La chasse a la grive - Amaroc Chasse\",\"isPartOf\":{\"@id\":\"https:\/\/amarocchasse.com\/#website\"},\"datePublished\":\"2022-06-06T19:05:48+00:00\",\"dateModified\":\"2022-06-08T17:12:25+00:00\",\"breadcrumb\":{\"@id\":\"https:\/\/amarocchasse.com\/chasse-grive-maroc\/#breadcrumb\"},\"inLanguage\":\"ary\",\"potentialAction\":[{\"@type\":\"ReadAction\",\"target\":[\"https:\/\/amarocchasse.com\/chasse-grive-maroc\/\"]}]},{\"@type\":\"BreadcrumbList\",\"@id\":\"https:\/\/amarocchasse.com\/chasse-grive-maroc\/#breadcrumb\",\"itemListElement\":[{\"@type\":\"ListItem\",\"position\":1,\"name\":\"Home\",\"item\":\"https:\/\/amarocchasse.com\/\"},{\"@type\":\"ListItem\",\"position\":2,\"name\":\"La chasse a la grive\"}]},{\"@type\":\"WebSite\",\"@id\":\"https:\/\/amarocchasse.com\/#website\",\"url\":\"https:\/\/amarocchasse.com\/\",\"name\":\"Amaroc Chasse\",\"description\":\"Agence de chasse touristique au Maroc\",\"publisher\":{\"@id\":\"https:\/\/amarocchasse.com\/#organization\"},\"potentialAction\":[{\"@type\":\"SearchAction\",\"target\":{\"@type\":\"EntryPoint\",\"urlTemplate\":\"https:\/\/amarocchasse.com\/?s={search_term_string}\"},\"query-input\":{\"@type\":\"PropertyValueSpecification\",\"valueRequired\":true,\"valueName\":\"search_term_string\"}}],\"inLanguage\":\"ary\"},{\"@type\":\"Organization\",\"@id\":\"https:\/\/amarocchasse.com\/#organization\",\"name\":\"Amaroc Chasse\",\"url\":\"https:\/\/amarocchasse.com\/\",\"logo\":{\"@type\":\"ImageObject\",\"inLanguage\":\"ary\",\"@id\":\"https:\/\/amarocchasse.com\/#\/schema\/logo\/image\/\",\"url\":\"https:\/\/amarocchasse.com\/wp-content\/uploads\/2022\/05\/Untitled-7.png\",\"contentUrl\":\"https:\/\/amarocchasse.com\/wp-content\/uploads\/2022\/05\/Untitled-7.png\",\"width\":1000,\"height\":1000,\"caption\":\"Amaroc Chasse\"},\"image\":{\"@id\":\"https:\/\/amarocchasse.com\/#\/schema\/logo\/image\/\"},\"sameAs\":[\"https:\/\/fb.me\/amarocchasse\",\"https:\/\/www.instagram.com\/amarocchasse\"]}]}<\/script>\n<!-- \/ Yoast SEO plugin. -->","yoast_head_json":{"title":"La chasse a la grive - Amaroc Chasse","robots":{"index":"index","follow":"follow","max-snippet":"max-snippet:-1","max-image-preview":"max-image-preview:large","max-video-preview":"max-video-preview:-1"},"canonical":"https:\/\/amarocchasse.com\/ar\/chasse-grive-maroc\/","og_locale":"ar_AR","og_type":"article","og_title":"La chasse a la grive - Amaroc Chasse","og_url":"https:\/\/amarocchasse.com\/ar\/chasse-grive-maroc\/","og_site_name":"Amaroc Chasse","article_publisher":"https:\/\/fb.me\/amarocchasse","article_modified_time":"2022-06-08T17:12:25+00:00","twitter_card":"summary_large_image","twitter_misc":{"Est. reading time":"1 minute"},"schema":{"@context":"https:\/\/schema.org","@graph":[{"@type":"WebPage","@id":"https:\/\/amarocchasse.com\/chasse-grive-maroc\/","url":"https:\/\/amarocchasse.com\/chasse-grive-maroc\/","name":"La chasse a la grive - Amaroc Chasse","isPartOf":{"@id":"https:\/\/amarocchasse.com\/#website"},"datePublished":"2022-06-06T19:05:48+00:00","dateModified":"2022-06-08T17:12:25+00:00","breadcrumb":{"@id":"https:\/\/amarocchasse.com\/chasse-grive-maroc\/#breadcrumb"},"inLanguage":"ary","potentialAction":[{"@type":"ReadAction","target":["https:\/\/amarocchasse.com\/chasse-grive-maroc\/"]}]},{"@type":"BreadcrumbList","@id":"https:\/\/amarocchasse.com\/chasse-grive-maroc\/#breadcrumb","itemListElement":[{"@type":"ListItem","position":1,"name":"Home","item":"https:\/\/amarocchasse.com\/"},{"@type":"ListItem","position":2,"name":"La chasse a la grive"}]},{"@type":"WebSite","@id":"https:\/\/amarocchasse.com\/#website","url":"https:\/\/amarocchasse.com\/","name":"Amaroc Chasse","description":"Agence de chasse touristique au Maroc","publisher":{"@id":"https:\/\/amarocchasse.com\/#organization"},"potentialAction":[{"@type":"SearchAction","target":{"@type":"EntryPoint","urlTemplate":"https:\/\/amarocchasse.com\/?s={search_term_string}"},"query-input":{"@type":"PropertyValueSpecification","valueRequired":true,"valueName":"search_term_string"}}],"inLanguage":"ary"},{"@type":"Organization","@id":"https:\/\/amarocchasse.com\/#organization","name":"Amaroc Chasse","url":"https:\/\/amarocchasse.com\/","logo":{"@type":"ImageObject","inLanguage":"ary","@id":"https:\/\/amarocchasse.com\/#\/schema\/logo\/image\/","url":"https:\/\/amarocchasse.com\/wp-content\/uploads\/2022\/05\/Untitled-7.png","contentUrl":"https:\/\/amarocchasse.com\/wp-content\/uploads\/2022\/05\/Untitled-7.png","width":1000,"height":1000,"caption":"Amaroc Chasse"},"image":{"@id":"https:\/\/amarocchasse.com\/#\/schema\/logo\/image\/"},"sameAs":["https:\/\/fb.me\/amarocchasse","https:\/\/www.instagram.com\/amarocchasse"]}]}},"_links":{"self":[{"href":"https:\/\/amarocchasse.com\/ar\/wp-json\/wp\/v2\/pages\/2957","targetHints":{"allow":["GET"]}}],"collection":[{"href":"https:\/\/amarocchasse.com\/ar\/wp-json\/wp\/v2\/pages"}],"about":[{"href":"https:\/\/amarocchasse.com\/ar\/wp-json\/wp\/v2\/types\/page"}],"author":[{"embeddable":true,"href":"https:\/\/amarocchasse.com\/ar\/wp-json\/wp\/v2\/users\/1"}],"replies":[{"embeddable":true,"href":"https:\/\/amarocchasse.com\/ar\/wp-json\/wp\/v2\/comments?post=2957"}],"version-history":[{"count":7,"href":"https:\/\/amarocchasse.com\/ar\/wp-json\/wp\/v2\/pages\/2957\/revisions"}],"predecessor-version":[{"id":2993,"href":"https:\/\/amarocchasse.com\/ar\/wp-json\/wp\/v2\/pages\/2957\/revisions\/2993"}],"wp:attachment":[{"href":"https:\/\/amarocchasse.com\/ar\/wp-json\/wp\/v2\/media?parent=2957"}],"curies":[{"name":"wp","href":"https:\/\/api.w.org\/{rel}","templated":true}]}}