{"id":1214,"date":"2017-04-14T15:13:18","date_gmt":"2017-04-14T15:13:18","guid":{"rendered":"https:\/\/wp.nkdev.info\/khaki\/?page_id=1214"},"modified":"2022-10-17T17:24:41","modified_gmt":"2022-10-17T17:24:41","slug":"apropos","status":"publish","type":"page","link":"https:\/\/amarocchasse.com\/en\/apropos\/","title":{"rendered":"About Us"},"content":{"rendered":"<div class=\"vc_row wpb_row vc_row-fluid vc_custom_1493031014746 vc_row-o-content-middle vc_row-flex\"><div class=\"wpb_column vc_column_container vc_col-sm-6\"><div class=\"vc_column-inner\"><div class=\"wpb_wrapper\"><h2 class='nk-title text-left'>About <a href=\"https:\/\/amarocchasse.com\/en\/\">Amaroc Chasse<\/a><\/h2><div class=\"\"><p>Our <strong>hunting guides<\/strong> support and guide clients in their<strong> hunting trips<\/strong> and show them the right places to ensure a good grip.<\/p>\n<p>The guide makes sure there is no violation and has security measures in place for a <strong>hunting day<\/strong> slowly. His knowledge of regulations and hunting techniques, his professionalism allows him to identify wild animals. He also develops interesting relationships with clients, because the human side is very important in his work.<\/p>\n<\/div><\/div><\/div><\/div><div class=\"wpb_column vc_column_container vc_col-sm-6\"><div class=\"vc_column-inner\"><div class=\"wpb_wrapper\"><div class=\"nk-image-box-2\">\n                    \n                    <img decoding=\"async\" src=\"https:\/\/amarocchasse.com\/wp-content\/uploads\/2022\/06\/fusil-chasseur-avec-munition.jpg\" alt=\"fusil chasseur au maroc\" data-from=\"1.1\">\n                                      \n                <\/div><\/div><\/div><\/div><\/div><div class=\"vc_row wpb_row vc_row-fluid\"><div class=\"wpb_column vc_column_container vc_col-sm-12\"><div class=\"vc_column-inner\"><div class=\"wpb_wrapper\"><h2 class='text-center'>game<\/h2><\/div><\/div><\/div><\/div><div data-vc-full-width=\"true\" data-vc-full-width-init=\"false\" data-vc-stretch-content=\"true\" class=\"vc_row wpb_row vc_row-fluid vc_row-no-padding\"><div class=\"wpb_column vc_column_container vc_col-sm-12\"><div class=\"vc_column-inner\"><div class=\"wpb_wrapper\"><\/div><\/div><\/div><\/div><div class=\"vc_row-full-width vc_clearfix\"><\/div><div class=\"vc_row wpb_row vc_row-fluid\"><div class=\"wpb_column vc_column_container vc_col-sm-4\"><div class=\"vc_column-inner\"><div class=\"wpb_wrapper\"><div class=\"nk-image-box-2\">\n                    <a  href=\"https:\/\/amarocchasse.com\/en\/perdrix\/\" title=\"Partridge\" class=\"nk-image-box-link\"><\/a>\n                    <img decoding=\"async\" src=\"https:\/\/amarocchasse.com\/wp-content\/uploads\/2022\/05\/perdrix-gambra-rect.jpg\" alt=\"perdreaux chasse Maroc\" data-from=\"1.1\">\n                    <div class=\"nk-image-box-overlay nk-image-box-center\">\n                                <div>\n                                    <h2 class='text-left'><\/p>\n<p style=\"text-align: center;\">Partridge<\/p>\n<p><\/h2>\n                                <\/div>\n                            <\/div>                  \n                <\/div><div class=\"nk-image-box-2\">\n                    <a  href=\"https:\/\/amarocchasse.com\/en\/la-grive\/\" title=\"the thrush\" class=\"nk-image-box-link\"><\/a>\n                    <img decoding=\"async\" src=\"https:\/\/amarocchasse.com\/wp-content\/uploads\/2022\/06\/la-grive-sur-une-branche.jpg\" alt=\"grive chasse Maroc\" data-from=\"1.1\">\n                    <div class=\"nk-image-box-overlay nk-image-box-center\">\n                                <div>\n                                    <h2 class='text-left'><\/p>\n<p style=\"text-align: center;\">the thrush<\/p>\n<p><\/h2>\n                                <\/div>\n                            <\/div>                  \n                <\/div><\/div><\/div><\/div><div class=\"wpb_column vc_column_container vc_col-sm-4\"><div class=\"vc_column-inner\"><div class=\"wpb_wrapper\"><div class=\"nk-image-box-2\">\n                    <a  href=\"https:\/\/amarocchasse.com\/en\/lievre\/\" title=\"Hares\" class=\"nk-image-box-link\"><\/a>\n                    <img decoding=\"async\" src=\"https:\/\/amarocchasse.com\/wp-content\/uploads\/2022\/05\/le-lievre-sauvage-rectan.jpg\" alt=\"li\u00e8vre chasse maroc\" data-from=\"1.1\">\n                    <div class=\"nk-image-box-overlay nk-image-box-center\">\n                                <div>\n                                    <h2 class='text-left'><\/p>\n<p style=\"text-align: center;\">Hares<\/p>\n<p><\/h2>\n                                <\/div>\n                            <\/div>                  \n                <\/div><div class=\"nk-image-box-2\">\n                    <a  href=\"https:\/\/amarocchasse.com\/en\/le-sanglier\/\" title=\"Boar\" class=\"nk-image-box-link\"><\/a>\n                    <img decoding=\"async\" src=\"https:\/\/amarocchasse.com\/wp-content\/uploads\/2022\/05\/sanglier-rect.jpg\" alt=\"sanglier chasse maroc\" data-from=\"1.1\">\n                    <div class=\"nk-image-box-overlay nk-image-box-center\">\n                                <div>\n                                    <h2 class='text-left'><\/p>\n<p style=\"text-align: center;\">Boar<\/p>\n<p><\/h2>\n                                <\/div>\n                            <\/div>                  \n                <\/div><\/div><\/div><\/div><div class=\"wpb_column vc_column_container vc_col-sm-4\"><div class=\"vc_column-inner\"><div class=\"wpb_wrapper\"><div class=\"nk-image-box-2\">\n                    <a  href=\"https:\/\/amarocchasse.com\/en\/la-caille-des-bles\/\" title=\"Common quail\" class=\"nk-image-box-link\"><\/a>\n                    <img decoding=\"async\" src=\"https:\/\/amarocchasse.com\/wp-content\/uploads\/2022\/05\/la-caille-des-bles-rect.jpg\" alt=\"caille des bl\u00e9s chasse maroc\" data-from=\"1.1\">\n                    <div class=\"nk-image-box-overlay nk-image-box-center\">\n                                <div>\n                                    <h2 class='text-left'><\/p>\n<p style=\"text-align: center;\">Common Quail<\/p>\n<p><\/h2>\n                                <\/div>\n                            <\/div>                  \n                <\/div><div class=\"nk-image-box-2\">\n                    <a  href=\"https:\/\/amarocchasse.com\/en\/tourterelle\/\" title=\"the dove\" class=\"nk-image-box-link\"><\/a>\n                    <img decoding=\"async\" src=\"https:\/\/amarocchasse.com\/wp-content\/uploads\/2022\/05\/al-torterelle.jpg\" alt=\"tourterelle chasse Maroc\" data-from=\"1.1\">\n                    <div class=\"nk-image-box-overlay nk-image-box-center\">\n                                <div>\n                                    <h2 class='text-left'><\/p>\n<p style=\"text-align: center;\">Dove<\/p>\n<p><\/h2>\n                                <\/div>\n                            <\/div>                  \n                <\/div><\/div><\/div><\/div><\/div><div class=\"vc_row wpb_row vc_row-fluid\"><div class=\"wpb_column vc_column_container vc_col-sm-12\"><div class=\"vc_column-inner\"><div class=\"wpb_wrapper\"><div class=\"vc_empty_space\"   style=\"height: 32px\"><span class=\"vc_empty_space_inner\"><\/span><\/div><\/div><\/div><\/div><\/div><div class=\"vc_row wpb_row vc_row-fluid\"><div class=\"wpb_column vc_column_container vc_col-sm-12\"><div class=\"vc_column-inner\"><div class=\"wpb_wrapper\"><\/div><\/div><\/div><\/div><div class=\"vc_row wpb_row vc_row-fluid vc_custom_1655122310249 vc_row-has-fill vc_row-o-equal-height vc_row-o-content-middle vc_row-flex\"><div class=\"wpb_column vc_column_container vc_col-sm-8\"><div class=\"vc_column-inner\"><div class=\"wpb_wrapper\"><h2 class='nk-portfolio-title text-center'>Contact US<\/h2><h2 class='nk-sub-title text-center'><strong><span style=\"font-size: 14pt;\">find your adventure in morocco<\/span><\/strong><\/h2>\n\t<div class=\"wpb_text_column wpb_content_element\" >\n\t\t<div class=\"wpb_wrapper\">\n\t\t\t\n\t\t<\/div>\n\t<\/div>\n<\/div><\/div><\/div><div class=\"wpb_column vc_column_container vc_col-sm-4\"><div class=\"vc_column-inner\"><div class=\"wpb_wrapper\"><span class=\"nk-btn  text-white nk-btn-color-danger nk-btn-effect-3-left nk-btn-x4 nk-btn-rounded nk-btn-block\"><span class=\"nk-btn-effect-bg bg-dark-1\"><\/span><span>Book Now !<\/span><\/span><\/div><\/div><\/div><\/div><div class=\"vc_row wpb_row vc_row-fluid\"><div class=\"wpb_column vc_column_container vc_col-sm-12\"><div class=\"vc_column-inner\"><div class=\"wpb_wrapper\"><div class=\"vc_empty_space\"   style=\"height: 32px\"><span class=\"vc_empty_space_inner\"><\/span><\/div><\/div><\/div><\/div><\/div>","protected":false},"excerpt":{"rendered":"A propos d' Amaroc ChasseNos guides de chasse accompagnent et guident les clients dans leurs voyages de chasse et leur indiquent les bons endroits pour assurer une bonne prise. Le guide s'assure qu'il n'y a pas d'infraction\u00a0et a mis en place des mesures de s\u00e9curit\u00e9 pour une journ\u00e9e de chasse en douceur. Sa connaissance de [...]","protected":false},"author":1,"featured_media":2850,"parent":0,"menu_order":0,"comment_status":"closed","ping_status":"closed","template":"","meta":{"footnotes":""},"class_list":["post-1214","page","type-page","status-publish","has-post-thumbnail","hentry"],"acf":[],"yoast_head":"<!-- This site is optimized with the Yoast SEO plugin v25.1 - https:\/\/yoast.com\/wordpress\/plugins\/seo\/ -->\n<title>A Propos - Amaroc Chasse<\/title>\n<meta name=\"robots\" content=\"index, follow, max-snippet:-1, max-image-preview:large, max-video-preview:-1\" \/>\n<link rel=\"canonical\" href=\"https:\/\/amarocchasse.com\/en\/apropos\/\" \/>\n<meta property=\"og:locale\" content=\"en_US\" \/>\n<meta property=\"og:type\" content=\"article\" \/>\n<meta property=\"og:title\" content=\"A Propos - Amaroc Chasse\" \/>\n<meta property=\"og:url\" content=\"https:\/\/amarocchasse.com\/en\/apropos\/\" \/>\n<meta property=\"og:site_name\" content=\"Amaroc Chasse\" \/>\n<meta property=\"article:publisher\" content=\"https:\/\/fb.me\/amarocchasse\" \/>\n<meta property=\"article:modified_time\" content=\"2022-10-17T17:24:41+00:00\" \/>\n<meta property=\"og:image\" content=\"https:\/\/amarocchasse.com\/wp-content\/uploads\/2022\/06\/pexels-rajukhan-pathan-4980442-scaled-e1655320803246.jpg\" \/>\n\t<meta property=\"og:image:width\" content=\"1426\" \/>\n\t<meta property=\"og:image:height\" content=\"1025\" \/>\n\t<meta property=\"og:image:type\" content=\"image\/jpeg\" \/>\n<meta name=\"twitter:card\" content=\"summary_large_image\" \/>\n<meta name=\"twitter:label1\" content=\"Est. reading time\" \/>\n\t<meta name=\"twitter:data1\" content=\"1 minute\" \/>\n<script type=\"application\/ld+json\" class=\"yoast-schema-graph\">{\"@context\":\"https:\/\/schema.org\",\"@graph\":[{\"@type\":\"WebPage\",\"@id\":\"https:\/\/amarocchasse.com\/apropos\/\",\"url\":\"https:\/\/amarocchasse.com\/apropos\/\",\"name\":\"A Propos - Amaroc Chasse\",\"isPartOf\":{\"@id\":\"https:\/\/amarocchasse.com\/#website\"},\"primaryImageOfPage\":{\"@id\":\"https:\/\/amarocchasse.com\/apropos\/#primaryimage\"},\"image\":{\"@id\":\"https:\/\/amarocchasse.com\/apropos\/#primaryimage\"},\"thumbnailUrl\":\"https:\/\/amarocchasse.com\/wp-content\/uploads\/2022\/06\/pexels-rajukhan-pathan-4980442-scaled-e1655320803246.jpg\",\"datePublished\":\"2017-04-14T15:13:18+00:00\",\"dateModified\":\"2022-10-17T17:24:41+00:00\",\"breadcrumb\":{\"@id\":\"https:\/\/amarocchasse.com\/apropos\/#breadcrumb\"},\"inLanguage\":\"en-US\",\"potentialAction\":[{\"@type\":\"ReadAction\",\"target\":[\"https:\/\/amarocchasse.com\/apropos\/\"]}]},{\"@type\":\"ImageObject\",\"inLanguage\":\"en-US\",\"@id\":\"https:\/\/amarocchasse.com\/apropos\/#primaryimage\",\"url\":\"https:\/\/amarocchasse.com\/wp-content\/uploads\/2022\/06\/pexels-rajukhan-pathan-4980442-scaled-e1655320803246.jpg\",\"contentUrl\":\"https:\/\/amarocchasse.com\/wp-content\/uploads\/2022\/06\/pexels-rajukhan-pathan-4980442-scaled-e1655320803246.jpg\",\"width\":1426,\"height\":1025,\"caption\":\"petit gibier chasse Maroc\"},{\"@type\":\"BreadcrumbList\",\"@id\":\"https:\/\/amarocchasse.com\/apropos\/#breadcrumb\",\"itemListElement\":[{\"@type\":\"ListItem\",\"position\":1,\"name\":\"Home\",\"item\":\"https:\/\/amarocchasse.com\/\"},{\"@type\":\"ListItem\",\"position\":2,\"name\":\"A Propos\"}]},{\"@type\":\"WebSite\",\"@id\":\"https:\/\/amarocchasse.com\/#website\",\"url\":\"https:\/\/amarocchasse.com\/\",\"name\":\"Amaroc Chasse\",\"description\":\"Agence de chasse touristique au Maroc\",\"publisher\":{\"@id\":\"https:\/\/amarocchasse.com\/#organization\"},\"potentialAction\":[{\"@type\":\"SearchAction\",\"target\":{\"@type\":\"EntryPoint\",\"urlTemplate\":\"https:\/\/amarocchasse.com\/?s={search_term_string}\"},\"query-input\":{\"@type\":\"PropertyValueSpecification\",\"valueRequired\":true,\"valueName\":\"search_term_string\"}}],\"inLanguage\":\"en-US\"},{\"@type\":\"Organization\",\"@id\":\"https:\/\/amarocchasse.com\/#organization\",\"name\":\"Amaroc Chasse\",\"url\":\"https:\/\/amarocchasse.com\/\",\"logo\":{\"@type\":\"ImageObject\",\"inLanguage\":\"en-US\",\"@id\":\"https:\/\/amarocchasse.com\/#\/schema\/logo\/image\/\",\"url\":\"https:\/\/amarocchasse.com\/wp-content\/uploads\/2022\/05\/Untitled-7.png\",\"contentUrl\":\"https:\/\/amarocchasse.com\/wp-content\/uploads\/2022\/05\/Untitled-7.png\",\"width\":1000,\"height\":1000,\"caption\":\"Amaroc Chasse\"},\"image\":{\"@id\":\"https:\/\/amarocchasse.com\/#\/schema\/logo\/image\/\"},\"sameAs\":[\"https:\/\/fb.me\/amarocchasse\",\"https:\/\/www.instagram.com\/amarocchasse\"]}]}<\/script>\n<!-- \/ Yoast SEO plugin. -->","yoast_head_json":{"title":"A Propos - Amaroc Chasse","robots":{"index":"index","follow":"follow","max-snippet":"max-snippet:-1","max-image-preview":"max-image-preview:large","max-video-preview":"max-video-preview:-1"},"canonical":"https:\/\/amarocchasse.com\/en\/apropos\/","og_locale":"en_US","og_type":"article","og_title":"A Propos - Amaroc Chasse","og_url":"https:\/\/amarocchasse.com\/en\/apropos\/","og_site_name":"Amaroc Chasse","article_publisher":"https:\/\/fb.me\/amarocchasse","article_modified_time":"2022-10-17T17:24:41+00:00","og_image":[{"width":1426,"height":1025,"url":"https:\/\/amarocchasse.com\/wp-content\/uploads\/2022\/06\/pexels-rajukhan-pathan-4980442-scaled-e1655320803246.jpg","type":"image\/jpeg"}],"twitter_card":"summary_large_image","twitter_misc":{"Est. reading time":"1 minute"},"schema":{"@context":"https:\/\/schema.org","@graph":[{"@type":"WebPage","@id":"https:\/\/amarocchasse.com\/apropos\/","url":"https:\/\/amarocchasse.com\/apropos\/","name":"A Propos - Amaroc Chasse","isPartOf":{"@id":"https:\/\/amarocchasse.com\/#website"},"primaryImageOfPage":{"@id":"https:\/\/amarocchasse.com\/apropos\/#primaryimage"},"image":{"@id":"https:\/\/amarocchasse.com\/apropos\/#primaryimage"},"thumbnailUrl":"https:\/\/amarocchasse.com\/wp-content\/uploads\/2022\/06\/pexels-rajukhan-pathan-4980442-scaled-e1655320803246.jpg","datePublished":"2017-04-14T15:13:18+00:00","dateModified":"2022-10-17T17:24:41+00:00","breadcrumb":{"@id":"https:\/\/amarocchasse.com\/apropos\/#breadcrumb"},"inLanguage":"en-US","potentialAction":[{"@type":"ReadAction","target":["https:\/\/amarocchasse.com\/apropos\/"]}]},{"@type":"ImageObject","inLanguage":"en-US","@id":"https:\/\/amarocchasse.com\/apropos\/#primaryimage","url":"https:\/\/amarocchasse.com\/wp-content\/uploads\/2022\/06\/pexels-rajukhan-pathan-4980442-scaled-e1655320803246.jpg","contentUrl":"https:\/\/amarocchasse.com\/wp-content\/uploads\/2022\/06\/pexels-rajukhan-pathan-4980442-scaled-e1655320803246.jpg","width":1426,"height":1025,"caption":"petit gibier chasse Maroc"},{"@type":"BreadcrumbList","@id":"https:\/\/amarocchasse.com\/apropos\/#breadcrumb","itemListElement":[{"@type":"ListItem","position":1,"name":"Home","item":"https:\/\/amarocchasse.com\/"},{"@type":"ListItem","position":2,"name":"A Propos"}]},{"@type":"WebSite","@id":"https:\/\/amarocchasse.com\/#website","url":"https:\/\/amarocchasse.com\/","name":"Amaroc Chasse","description":"Agence de chasse touristique au Maroc","publisher":{"@id":"https:\/\/amarocchasse.com\/#organization"},"potentialAction":[{"@type":"SearchAction","target":{"@type":"EntryPoint","urlTemplate":"https:\/\/amarocchasse.com\/?s={search_term_string}"},"query-input":{"@type":"PropertyValueSpecification","valueRequired":true,"valueName":"search_term_string"}}],"inLanguage":"en-US"},{"@type":"Organization","@id":"https:\/\/amarocchasse.com\/#organization","name":"Amaroc Chasse","url":"https:\/\/amarocchasse.com\/","logo":{"@type":"ImageObject","inLanguage":"en-US","@id":"https:\/\/amarocchasse.com\/#\/schema\/logo\/image\/","url":"https:\/\/amarocchasse.com\/wp-content\/uploads\/2022\/05\/Untitled-7.png","contentUrl":"https:\/\/amarocchasse.com\/wp-content\/uploads\/2022\/05\/Untitled-7.png","width":1000,"height":1000,"caption":"Amaroc Chasse"},"image":{"@id":"https:\/\/amarocchasse.com\/#\/schema\/logo\/image\/"},"sameAs":["https:\/\/fb.me\/amarocchasse","https:\/\/www.instagram.com\/amarocchasse"]}]}},"_links":{"self":[{"href":"https:\/\/amarocchasse.com\/en\/wp-json\/wp\/v2\/pages\/1214","targetHints":{"allow":["GET"]}}],"collection":[{"href":"https:\/\/amarocchasse.com\/en\/wp-json\/wp\/v2\/pages"}],"about":[{"href":"https:\/\/amarocchasse.com\/en\/wp-json\/wp\/v2\/types\/page"}],"author":[{"embeddable":true,"href":"https:\/\/amarocchasse.com\/en\/wp-json\/wp\/v2\/users\/1"}],"replies":[{"embeddable":true,"href":"https:\/\/amarocchasse.com\/en\/wp-json\/wp\/v2\/comments?post=1214"}],"version-history":[{"count":88,"href":"https:\/\/amarocchasse.com\/en\/wp-json\/wp\/v2\/pages\/1214\/revisions"}],"predecessor-version":[{"id":3195,"href":"https:\/\/amarocchasse.com\/en\/wp-json\/wp\/v2\/pages\/1214\/revisions\/3195"}],"wp:featuredmedia":[{"embeddable":true,"href":"https:\/\/amarocchasse.com\/en\/wp-json\/wp\/v2\/media\/2850"}],"wp:attachment":[{"href":"https:\/\/amarocchasse.com\/en\/wp-json\/wp\/v2\/media?parent=1214"}],"curies":[{"name":"wp","href":"https:\/\/api.w.org\/{rel}","templated":true}]}}