{"id":2929,"date":"2022-06-06T18:33:11","date_gmt":"2022-06-06T18:33:11","guid":{"rendered":"https:\/\/amarocchasse.com\/?page_id=2929"},"modified":"2022-06-09T10:30:58","modified_gmt":"2022-06-09T10:30:58","slug":"chasse-perdrix-maroc","status":"publish","type":"page","link":"https:\/\/amarocchasse.com\/en\/chasse-perdrix-maroc\/","title":{"rendered":"Partridge"},"content":{"rendered":"<div class=\"vc_row wpb_row vc_row-fluid\"><div class=\"wpb_column vc_column_container vc_col-sm-12\"><div class=\"vc_column-inner\"><div class=\"wpb_wrapper\"><div class=\"vc_empty_space\"   style=\"height: 32px\"><span class=\"vc_empty_space_inner\"><\/span><\/div><\/div><\/div><\/div><\/div><div class=\"vc_row wpb_row vc_row-fluid vc_row-o-full-height vc_row-o-columns-middle vc_row-o-content-middle vc_row-flex\"><div class=\"wpb_column vc_column_container vc_col-sm-6\"><div class=\"vc_column-inner\"><div class=\"wpb_wrapper\"><h2 class='text-center'>La perdrix<\/h2>\n\t<div class=\"wpb_text_column wpb_content_element\" >\n\t\t<div class=\"wpb_wrapper\">\n\t\t\t<p><strong>La perdrix <\/strong>est une esp\u00e8ce de Galliformes, un oiseau de taille moyenne que l&rsquo;on trouve couramment au Maroc.<\/p>\n<p>L&rsquo;une des gibiers les plus recherch\u00e9es par les chasseurs au Maroc est <strong>La perdrix<\/strong> .<\/p>\n<p>Principalement aux plumes grises ou rouges,la perdrix adulte p\u00e8se de 350 \u00e0 400 grammes et mesure de 28 \u00e0 32 cm, elle aime les espaces ouverts, les vall\u00e9es et les plaines cultiv\u00e9es.<\/p>\n<ul>\n<li>P\u00e9riode de chasse : D\u00e9but de mois d\u2019Octobre jusqu\u2019\u00e0 la fin de Janvier.<\/li>\n<li>Jours de chasse autoris\u00e9s: Quatre jours par semaine.<\/li>\n<li>Pr\u00e9l\u00e8vement autoris\u00e9 par chasseur :Quatre Perdrix.<\/li>\n<\/ul>\n\n\t\t<\/div>\n\t<\/div>\n<a href=\"https:\/\/amarocchasse.com\/en\/reservation\/\" title=\"Reservation\" class=\"nk-btn  text-white nk-btn-color-danger nk-btn-effect-3-left nk-btn-x2 nk-btn-block\"><span class=\"nk-btn-effect-bg bg-warning\"><\/span><span>R\u00e9server votre chasse<\/span> <span class=\"icon\"><span class=\"ion-ios-arrow-dropright-circle\"><\/span><\/span> <\/a><\/div><\/div><\/div><div class=\"wpb_column vc_column_container vc_col-sm-6\"><div class=\"vc_column-inner\"><div class=\"wpb_wrapper\">\n\t<div  class=\"wpb_single_image wpb_content_element vc_align_center\">\n\t\t\n\t\t<figure class=\"wpb_wrapper vc_figure\">\n\t\t\t<a href=\"https:\/\/amarocchasse.com\/wp-content\/uploads\/2022\/05\/perdrix-gambra-rect.jpg\" target=\"_self\" class=\"vc_single_image-wrapper   vc_box_border_grey\"><img decoding=\"async\" width=\"400\" height=\"400\" src=\"https:\/\/amarocchasse.com\/wp-content\/uploads\/2022\/05\/perdrix-gambra-rect.jpg\" class=\"vc_single_image-img attachment-full\" alt=\"perdreaux chasse Maroc\" title=\"chasse perdrix au Maroc\" srcset=\"https:\/\/amarocchasse.com\/wp-content\/uploads\/2022\/05\/perdrix-gambra-rect.jpg 400w, https:\/\/amarocchasse.com\/wp-content\/uploads\/2022\/05\/perdrix-gambra-rect-300x300.jpg 300w, https:\/\/amarocchasse.com\/wp-content\/uploads\/2022\/05\/perdrix-gambra-rect-150x150.jpg 150w, https:\/\/amarocchasse.com\/wp-content\/uploads\/2022\/05\/perdrix-gambra-rect-48x48.jpg 48w, https:\/\/amarocchasse.com\/wp-content\/uploads\/2022\/05\/perdrix-gambra-rect-90x90.jpg 90w, https:\/\/amarocchasse.com\/wp-content\/uploads\/2022\/05\/perdrix-gambra-rect-200x200.jpg 200w\" sizes=\"(max-width: 400px) 100vw, 400px\" \/><\/a>\n\t\t<\/figure>\n\t<\/div>\n<\/div><\/div><\/div><\/div>","protected":false},"excerpt":{"rendered":"La perdrix La perdrix est une esp\u00e8ce de Galliformes, un oiseau de taille moyenne que l'on trouve couramment au Maroc. L'une des gibiers les plus recherch\u00e9es par les chasseurs au Maroc est La perdrix . Principalement aux plumes grises ou rouges,la perdrix adulte p\u00e8se de 350 \u00e0 400 grammes et mesure de 28 \u00e0 32 [...]","protected":false},"author":1,"featured_media":3005,"parent":0,"menu_order":0,"comment_status":"closed","ping_status":"closed","template":"","meta":{"footnotes":""},"class_list":["post-2929","page","type-page","status-publish","has-post-thumbnail","hentry"],"acf":[],"yoast_head":"<!-- This site is optimized with the Yoast SEO plugin v25.1 - https:\/\/yoast.com\/wordpress\/plugins\/seo\/ -->\n<title>Perdrix - Amaroc Chasse<\/title>\n<meta name=\"robots\" content=\"index, follow, max-snippet:-1, max-image-preview:large, max-video-preview:-1\" \/>\n<link rel=\"canonical\" href=\"https:\/\/amarocchasse.com\/en\/chasse-perdrix-maroc\/\" \/>\n<meta property=\"og:locale\" content=\"en_US\" \/>\n<meta property=\"og:type\" content=\"article\" \/>\n<meta property=\"og:title\" content=\"Perdrix - Amaroc Chasse\" \/>\n<meta property=\"og:url\" content=\"https:\/\/amarocchasse.com\/en\/chasse-perdrix-maroc\/\" \/>\n<meta property=\"og:site_name\" content=\"Amaroc Chasse\" \/>\n<meta property=\"article:publisher\" content=\"https:\/\/fb.me\/amarocchasse\" \/>\n<meta property=\"article:modified_time\" content=\"2022-06-09T10:30:58+00:00\" \/>\n<meta property=\"og:image\" content=\"https:\/\/amarocchasse.com\/wp-content\/uploads\/2022\/06\/la-perdrix-gambra-wall.jpg\" \/>\n\t<meta property=\"og:image:width\" content=\"1200\" \/>\n\t<meta property=\"og:image:height\" content=\"450\" \/>\n\t<meta property=\"og:image:type\" content=\"image\/jpeg\" \/>\n<meta name=\"twitter:card\" content=\"summary_large_image\" \/>\n<meta name=\"twitter:label1\" content=\"Est. reading time\" \/>\n\t<meta name=\"twitter:data1\" content=\"1 minute\" \/>\n<script type=\"application\/ld+json\" class=\"yoast-schema-graph\">{\"@context\":\"https:\/\/schema.org\",\"@graph\":[{\"@type\":\"WebPage\",\"@id\":\"https:\/\/amarocchasse.com\/chasse-perdrix-maroc\/\",\"url\":\"https:\/\/amarocchasse.com\/chasse-perdrix-maroc\/\",\"name\":\"Perdrix - Amaroc Chasse\",\"isPartOf\":{\"@id\":\"https:\/\/amarocchasse.com\/#website\"},\"primaryImageOfPage\":{\"@id\":\"https:\/\/amarocchasse.com\/chasse-perdrix-maroc\/#primaryimage\"},\"image\":{\"@id\":\"https:\/\/amarocchasse.com\/chasse-perdrix-maroc\/#primaryimage\"},\"thumbnailUrl\":\"https:\/\/amarocchasse.com\/wp-content\/uploads\/2022\/06\/la-perdrix-gambra-wall.jpg\",\"datePublished\":\"2022-06-06T18:33:11+00:00\",\"dateModified\":\"2022-06-09T10:30:58+00:00\",\"breadcrumb\":{\"@id\":\"https:\/\/amarocchasse.com\/chasse-perdrix-maroc\/#breadcrumb\"},\"inLanguage\":\"en-US\",\"potentialAction\":[{\"@type\":\"ReadAction\",\"target\":[\"https:\/\/amarocchasse.com\/chasse-perdrix-maroc\/\"]}]},{\"@type\":\"ImageObject\",\"inLanguage\":\"en-US\",\"@id\":\"https:\/\/amarocchasse.com\/chasse-perdrix-maroc\/#primaryimage\",\"url\":\"https:\/\/amarocchasse.com\/wp-content\/uploads\/2022\/06\/la-perdrix-gambra-wall.jpg\",\"contentUrl\":\"https:\/\/amarocchasse.com\/wp-content\/uploads\/2022\/06\/la-perdrix-gambra-wall.jpg\",\"width\":1200,\"height\":450,\"caption\":\"perdrix chasse maroc\"},{\"@type\":\"BreadcrumbList\",\"@id\":\"https:\/\/amarocchasse.com\/chasse-perdrix-maroc\/#breadcrumb\",\"itemListElement\":[{\"@type\":\"ListItem\",\"position\":1,\"name\":\"Home\",\"item\":\"https:\/\/amarocchasse.com\/\"},{\"@type\":\"ListItem\",\"position\":2,\"name\":\"Perdrix\"}]},{\"@type\":\"WebSite\",\"@id\":\"https:\/\/amarocchasse.com\/#website\",\"url\":\"https:\/\/amarocchasse.com\/\",\"name\":\"Amaroc Chasse\",\"description\":\"Agence de chasse touristique au Maroc\",\"publisher\":{\"@id\":\"https:\/\/amarocchasse.com\/#organization\"},\"potentialAction\":[{\"@type\":\"SearchAction\",\"target\":{\"@type\":\"EntryPoint\",\"urlTemplate\":\"https:\/\/amarocchasse.com\/?s={search_term_string}\"},\"query-input\":{\"@type\":\"PropertyValueSpecification\",\"valueRequired\":true,\"valueName\":\"search_term_string\"}}],\"inLanguage\":\"en-US\"},{\"@type\":\"Organization\",\"@id\":\"https:\/\/amarocchasse.com\/#organization\",\"name\":\"Amaroc Chasse\",\"url\":\"https:\/\/amarocchasse.com\/\",\"logo\":{\"@type\":\"ImageObject\",\"inLanguage\":\"en-US\",\"@id\":\"https:\/\/amarocchasse.com\/#\/schema\/logo\/image\/\",\"url\":\"https:\/\/amarocchasse.com\/wp-content\/uploads\/2022\/05\/Untitled-7.png\",\"contentUrl\":\"https:\/\/amarocchasse.com\/wp-content\/uploads\/2022\/05\/Untitled-7.png\",\"width\":1000,\"height\":1000,\"caption\":\"Amaroc Chasse\"},\"image\":{\"@id\":\"https:\/\/amarocchasse.com\/#\/schema\/logo\/image\/\"},\"sameAs\":[\"https:\/\/fb.me\/amarocchasse\",\"https:\/\/www.instagram.com\/amarocchasse\"]}]}<\/script>\n<!-- \/ Yoast SEO plugin. -->","yoast_head_json":{"title":"Perdrix - Amaroc Chasse","robots":{"index":"index","follow":"follow","max-snippet":"max-snippet:-1","max-image-preview":"max-image-preview:large","max-video-preview":"max-video-preview:-1"},"canonical":"https:\/\/amarocchasse.com\/en\/chasse-perdrix-maroc\/","og_locale":"en_US","og_type":"article","og_title":"Perdrix - Amaroc Chasse","og_url":"https:\/\/amarocchasse.com\/en\/chasse-perdrix-maroc\/","og_site_name":"Amaroc Chasse","article_publisher":"https:\/\/fb.me\/amarocchasse","article_modified_time":"2022-06-09T10:30:58+00:00","og_image":[{"width":1200,"height":450,"url":"https:\/\/amarocchasse.com\/wp-content\/uploads\/2022\/06\/la-perdrix-gambra-wall.jpg","type":"image\/jpeg"}],"twitter_card":"summary_large_image","twitter_misc":{"Est. reading time":"1 minute"},"schema":{"@context":"https:\/\/schema.org","@graph":[{"@type":"WebPage","@id":"https:\/\/amarocchasse.com\/chasse-perdrix-maroc\/","url":"https:\/\/amarocchasse.com\/chasse-perdrix-maroc\/","name":"Perdrix - Amaroc Chasse","isPartOf":{"@id":"https:\/\/amarocchasse.com\/#website"},"primaryImageOfPage":{"@id":"https:\/\/amarocchasse.com\/chasse-perdrix-maroc\/#primaryimage"},"image":{"@id":"https:\/\/amarocchasse.com\/chasse-perdrix-maroc\/#primaryimage"},"thumbnailUrl":"https:\/\/amarocchasse.com\/wp-content\/uploads\/2022\/06\/la-perdrix-gambra-wall.jpg","datePublished":"2022-06-06T18:33:11+00:00","dateModified":"2022-06-09T10:30:58+00:00","breadcrumb":{"@id":"https:\/\/amarocchasse.com\/chasse-perdrix-maroc\/#breadcrumb"},"inLanguage":"en-US","potentialAction":[{"@type":"ReadAction","target":["https:\/\/amarocchasse.com\/chasse-perdrix-maroc\/"]}]},{"@type":"ImageObject","inLanguage":"en-US","@id":"https:\/\/amarocchasse.com\/chasse-perdrix-maroc\/#primaryimage","url":"https:\/\/amarocchasse.com\/wp-content\/uploads\/2022\/06\/la-perdrix-gambra-wall.jpg","contentUrl":"https:\/\/amarocchasse.com\/wp-content\/uploads\/2022\/06\/la-perdrix-gambra-wall.jpg","width":1200,"height":450,"caption":"perdrix chasse maroc"},{"@type":"BreadcrumbList","@id":"https:\/\/amarocchasse.com\/chasse-perdrix-maroc\/#breadcrumb","itemListElement":[{"@type":"ListItem","position":1,"name":"Home","item":"https:\/\/amarocchasse.com\/"},{"@type":"ListItem","position":2,"name":"Perdrix"}]},{"@type":"WebSite","@id":"https:\/\/amarocchasse.com\/#website","url":"https:\/\/amarocchasse.com\/","name":"Amaroc Chasse","description":"Agence de chasse touristique au Maroc","publisher":{"@id":"https:\/\/amarocchasse.com\/#organization"},"potentialAction":[{"@type":"SearchAction","target":{"@type":"EntryPoint","urlTemplate":"https:\/\/amarocchasse.com\/?s={search_term_string}"},"query-input":{"@type":"PropertyValueSpecification","valueRequired":true,"valueName":"search_term_string"}}],"inLanguage":"en-US"},{"@type":"Organization","@id":"https:\/\/amarocchasse.com\/#organization","name":"Amaroc Chasse","url":"https:\/\/amarocchasse.com\/","logo":{"@type":"ImageObject","inLanguage":"en-US","@id":"https:\/\/amarocchasse.com\/#\/schema\/logo\/image\/","url":"https:\/\/amarocchasse.com\/wp-content\/uploads\/2022\/05\/Untitled-7.png","contentUrl":"https:\/\/amarocchasse.com\/wp-content\/uploads\/2022\/05\/Untitled-7.png","width":1000,"height":1000,"caption":"Amaroc Chasse"},"image":{"@id":"https:\/\/amarocchasse.com\/#\/schema\/logo\/image\/"},"sameAs":["https:\/\/fb.me\/amarocchasse","https:\/\/www.instagram.com\/amarocchasse"]}]}},"_links":{"self":[{"href":"https:\/\/amarocchasse.com\/en\/wp-json\/wp\/v2\/pages\/2929","targetHints":{"allow":["GET"]}}],"collection":[{"href":"https:\/\/amarocchasse.com\/en\/wp-json\/wp\/v2\/pages"}],"about":[{"href":"https:\/\/amarocchasse.com\/en\/wp-json\/wp\/v2\/types\/page"}],"author":[{"embeddable":true,"href":"https:\/\/amarocchasse.com\/en\/wp-json\/wp\/v2\/users\/1"}],"replies":[{"embeddable":true,"href":"https:\/\/amarocchasse.com\/en\/wp-json\/wp\/v2\/comments?post=2929"}],"version-history":[{"count":23,"href":"https:\/\/amarocchasse.com\/en\/wp-json\/wp\/v2\/pages\/2929\/revisions"}],"predecessor-version":[{"id":3006,"href":"https:\/\/amarocchasse.com\/en\/wp-json\/wp\/v2\/pages\/2929\/revisions\/3006"}],"wp:featuredmedia":[{"embeddable":true,"href":"https:\/\/amarocchasse.com\/en\/wp-json\/wp\/v2\/media\/3005"}],"wp:attachment":[{"href":"https:\/\/amarocchasse.com\/en\/wp-json\/wp\/v2\/media?parent=2929"}],"curies":[{"name":"wp","href":"https:\/\/api.w.org\/{rel}","templated":true}]}}